{"id":9,"date":"2012-07-19T00:13:34","date_gmt":"2012-07-18T22:13:34","guid":{"rendered":"http:\/\/openbytes.ch\/bdsfrauenfeld\/?page_id=9"},"modified":"2012-08-12T15:10:29","modified_gmt":"2012-08-12T13:10:29","slug":"ziele","status":"publish","type":"page","link":"https:\/\/openbytes.ch\/bdsfrauenfeld\/ziele\/","title":{"rendered":"Ziele"},"content":{"rendered":"<p>Der Bund der Steuerzahler (BDS) Frauenfeld ist die unabh\u00e4ngige, gemeinn\u00fctzige und parteipolitisch neutrale Schutzvereinigung aller Steuerzahler in Frauenfeld. Die Beitr\u00e4ge der Mitglieder geben dem Bund der Steuerzahler die gerade im Bereich der Steuer- und Finanzpolitik notwendige finanzielle Eigenst\u00e4ndigkeit. Mit ihrer Mitgliedschaft unterst\u00fctzen sie den Kampf des Bundes der Steuerzahler<\/p>\n<ul>\n<li>f\u00fcr ein zeitgerechtes Steuer- und Abgabesystem<\/li>\n<li>f\u00fcr eine Vereinfachung der Besteuerung<\/li>\n<li>f\u00fcr eine Reduktion der Steuer- und Abgabenlast<\/li>\n<li>f\u00fcr eine sparsame und wirtschaftliche Haushaltf\u00fchrung<\/li>\n<li>f\u00fcr einen Abbau des Schuldenberges und der Defizite in den \u00f6ffentlichen Haushalten von Bund, Kantonen und Gemeinden<\/li>\n<li>f\u00fcr die Verhinderung der Verschwendung von Steuergeldern<\/li>\n<li>f\u00fcr eine leistungsf\u00e4hige Staatsb\u00fcrokratie.<\/li>\n<\/ul>\n<p>Der BDS Frauenfeld ist eine Sektion des <a href=\"http:\/\/www.bds-schweiz.ch\/\" target=\"_blank\">BDS Schweiz<\/a>.<\/p>\n<p>Der Bund der Steuerzahler verfolgt ausschliesslich und unmittelbar gemeinn\u00fctzige Zwecke; er tut dies zum Nutzen der Allgemeinheit und aus der tiefen Ueberzeugung heraus, dass l\u00e4ngerfristig die Schweiz ihre sozialen Verpflichtungen nur bei gesunden Staatsfinanzen erf\u00fcllen kann.<\/p>\n<p><strong>Was bleibt f\u00fcr den Bund der Steuerzahler zu tun?<\/strong><\/p>\n<p>Wir m\u00fcssen weiter gegensteuern:<\/p>\n<ul>\n<li>Keine Diskussion um h\u00f6here Steuern<\/li>\n<li>Kompromissloser Subventionsabbau<\/li>\n<li>Noch mehr Ausgabedisziplin<\/li>\n<li>Konsequente Steuervereinfachung<\/li>\n<li>Abbau der Staatsverschuldung<\/li>\n<li>Mehr Privatisierung und weniger Staat<\/li>\n<\/ul>\n","protected":false},"excerpt":{"rendered":"<p>Der Bund der Steuerzahler (BDS) Frauenfeld ist die unabh\u00e4ngige, gemeinn\u00fctzige und parteipolitisch neutrale Schutzvereinigung aller Steuerzahler in Frauenfeld. Die Beitr\u00e4ge der Mitglieder geben dem Bund der Steuerzahler die gerade im Bereich der Steuer- und Finanzpolitik notwendige finanzielle Eigenst\u00e4ndigkeit. Mit ihrer Mitgliedschaft unterst\u00fctzen sie den Kampf des Bundes der Steuerzahler f\u00fcr ein zeitgerechtes Steuer- und Abgabesystem [&hellip;]<\/p>\n","protected":false},"author":2,"featured_media":0,"parent":0,"menu_order":0,"comment_status":"open","ping_status":"open","template":"","meta":{"_monsterinsights_skip_tracking":false,"_monsterinsights_sitenote_active":false,"_monsterinsights_sitenote_note":"","_monsterinsights_sitenote_category":0,"footnotes":""},"class_list":["post-9","page","type-page","status-publish","hentry","entry"],"_links":{"self":[{"href":"https:\/\/openbytes.ch\/bdsfrauenfeld\/wp-json\/wp\/v2\/pages\/9"}],"collection":[{"href":"https:\/\/openbytes.ch\/bdsfrauenfeld\/wp-json\/wp\/v2\/pages"}],"about":[{"href":"https:\/\/openbytes.ch\/bdsfrauenfeld\/wp-json\/wp\/v2\/types\/page"}],"author":[{"embeddable":true,"href":"https:\/\/openbytes.ch\/bdsfrauenfeld\/wp-json\/wp\/v2\/users\/2"}],"replies":[{"embeddable":true,"href":"https:\/\/openbytes.ch\/bdsfrauenfeld\/wp-json\/wp\/v2\/comments?post=9"}],"version-history":[{"count":8,"href":"https:\/\/openbytes.ch\/bdsfrauenfeld\/wp-json\/wp\/v2\/pages\/9\/revisions"}],"predecessor-version":[{"id":60,"href":"https:\/\/openbytes.ch\/bdsfrauenfeld\/wp-json\/wp\/v2\/pages\/9\/revisions\/60"}],"wp:attachment":[{"href":"https:\/\/openbytes.ch\/bdsfrauenfeld\/wp-json\/wp\/v2\/media?parent=9"}],"curies":[{"name":"wp","href":"https:\/\/api.w.org\/{rel}","templated":true}]}}