{"id":91,"date":"2012-08-11T17:50:15","date_gmt":"2012-08-11T15:50:15","guid":{"rendered":"http:\/\/openbytes.ch\/bdsfrauenfeld\/?page_id=91"},"modified":"2012-08-11T17:50:15","modified_gmt":"2012-08-11T15:50:15","slug":"statuten","status":"publish","type":"page","link":"https:\/\/openbytes.ch\/bdsfrauenfeld\/statuten\/","title":{"rendered":"Statuten"},"content":{"rendered":"<p><strong>Statuten Bund der Steuerzahler (BDS) Frauenfeld<\/strong><\/p>\n<p>1.<br \/>\nUnter der Bezeichnung \u201eBund der Steuerzahler Frauenfeld\u201c (BDS Frauenfeld) besteht ein Verein im Sinne von Art. 60 ff des ZGB, mit Sitz am Wohnsitz des Pr\u00e4sidenten.<\/p>\n<p>2.<br \/>\nDer Verein bezweckt die F\u00f6rderung der sparsamen Mittelverwendung durch die \u00f6ffentliche Hand und die Aufdeckung von Mittelverschwendungen im Kanton Thurgau und insbesondere in der Stadt Frauenfeld. Er kann Initiativen und Referenden ergreifen. Er setzt sich f\u00fcr eine massvolle Steuerbelastung der nat\u00fcrlichen und juristischen Personen ein.<\/p>\n<p>3.<br \/>\nDer Verein kann im Handelsregister eingetragen werden.<\/p>\n<p>4.<br \/>\nDer Verein finanziert sich \u00fcber Mitgliederbeitr\u00e4ge und durch freiwillige Zuwendungen. Die H\u00f6he der Mitgliederbeitr\u00e4ge wird durch die Mitgliederversammlung j\u00e4hrlich festgelegt. Der Mitgliederbeitrag darf jedoch Fr. 100.\u2014 pro Jahr und Mitglied nicht \u00fcbersteigen. Die Mitglieder haften in keinem Fall f\u00fcr mehr als den j\u00e4hrlichen Mitgliederbeitrag. F\u00fcr Verbindlichkeiten des Vereins haftet ausschliesslich das Vereinsverm\u00f6gen.<\/p>\n<p>5.<br \/>\n\u00dcber die Aufnahme der Gr\u00fcndungsmitglieder entscheidet die Gr\u00fcndungsversammlung.<\/p>\n<p>\u00dcber die Aufnahme von weiteren Mitgliedern entscheidet der Vorstand. Er kann Mitglieder ohne Angabe von Gr\u00fcnden ausschliessen.<\/p>\n<p>Der Beitritt ist als Einzelperson oder als Ehepaar m\u00f6glich.<\/p>\n<p>Die Mitgliederliste des Vereins ist nicht \u00f6ffentlich.<\/p>\n<p>6.<br \/>\nSoweit in den Statuten nicht abweichend geregelt, richtet sich die Organisation des Vereins nach den Bestimmungen des ZGB.<\/p>\n<p>7.<br \/>\nDer Vorstand des Vereins besteht aus zwei bis sieben Mitgliedern. Er arbeitet ehrenamtlich.<\/p>\n<p>8.<br \/>\nDie Mitgliederversammlung w\u00e4hlt den Vorstand und aus dessen Mitte einen Pr\u00e4sidenten auf eine Amtsdauer von zwei Jahren. Wiederwahl ist zul\u00e4ssig.<\/p>\n<p>9.<br \/>\nDer Pr\u00e4sident leitet die Sitzungen des Vorstandes und vertritt den Verein gegen aussen. Ansonsten konstituiert sich der Vorstand selbst.<\/p>\n<p>10.<br \/>\nZeichnungsberechtigt f\u00fcr den Verein sind die Vorstandsmitglieder und zwar kollektiv zu Zweien.<\/p>\n<p>11.<br \/>\nWird der Verein aufgel\u00f6st, so fallen die verbleibenden Mittel an eine steuerbefreite Person, z.B. an den Bund der Steuerzahler Schweiz oder eine steuerbefreite Person, welche \u00e4hnliche Zwecke wie der Verein verfolgt.<\/p>\n<p>Frauenfeld, 7. August 2012<\/p>\n<p>Die Gr\u00fcndungsmitglieder:<\/p>\n<p>Thomas Gemperle _______________________________<\/p>\n<p>Reinhard Wegelin \u00a0_____________________<\/p>\n","protected":false},"excerpt":{"rendered":"<p>Statuten Bund der Steuerzahler (BDS) Frauenfeld 1. Unter der Bezeichnung \u201eBund der Steuerzahler Frauenfeld\u201c (BDS Frauenfeld) besteht ein Verein im Sinne von Art. 60 ff des ZGB, mit Sitz am Wohnsitz des Pr\u00e4sidenten. 2. Der Verein bezweckt die F\u00f6rderung der sparsamen Mittelverwendung durch die \u00f6ffentliche Hand und die Aufdeckung von Mittelverschwendungen im Kanton Thurgau und [&hellip;]<\/p>\n","protected":false},"author":2,"featured_media":0,"parent":0,"menu_order":0,"comment_status":"open","ping_status":"open","template":"","meta":{"_monsterinsights_skip_tracking":false,"_monsterinsights_sitenote_active":false,"_monsterinsights_sitenote_note":"","_monsterinsights_sitenote_category":0,"footnotes":""},"class_list":["post-91","page","type-page","status-publish","hentry","entry"],"_links":{"self":[{"href":"https:\/\/openbytes.ch\/bdsfrauenfeld\/wp-json\/wp\/v2\/pages\/91"}],"collection":[{"href":"https:\/\/openbytes.ch\/bdsfrauenfeld\/wp-json\/wp\/v2\/pages"}],"about":[{"href":"https:\/\/openbytes.ch\/bdsfrauenfeld\/wp-json\/wp\/v2\/types\/page"}],"author":[{"embeddable":true,"href":"https:\/\/openbytes.ch\/bdsfrauenfeld\/wp-json\/wp\/v2\/users\/2"}],"replies":[{"embeddable":true,"href":"https:\/\/openbytes.ch\/bdsfrauenfeld\/wp-json\/wp\/v2\/comments?post=91"}],"version-history":[{"count":3,"href":"https:\/\/openbytes.ch\/bdsfrauenfeld\/wp-json\/wp\/v2\/pages\/91\/revisions"}],"predecessor-version":[{"id":260,"href":"https:\/\/openbytes.ch\/bdsfrauenfeld\/wp-json\/wp\/v2\/pages\/91\/revisions\/260"}],"wp:attachment":[{"href":"https:\/\/openbytes.ch\/bdsfrauenfeld\/wp-json\/wp\/v2\/media?parent=91"}],"curies":[{"name":"wp","href":"https:\/\/api.w.org\/{rel}","templated":true}]}}